{"id":7784,"date":"2021-01-07T13:10:29","date_gmt":"2021-01-07T12:10:29","guid":{"rendered":"http:\/\/sulima.pl\/index.php\/einkaufswagen\/"},"modified":"2023-01-05T18:26:43","modified_gmt":"2023-01-05T17:26:43","slug":"einkaufswagen","status":"publish","type":"page","link":"https:\/\/de.sulima.eu\/index.php\/einkaufswagen\/","title":{"rendered":"Einkaufswagen"},"content":{"rendered":"[woocommerce_cart]\n","protected":false},"excerpt":{"rendered":"[woocommerce_cart]","protected":false},"author":57,"featured_media":0,"parent":0,"menu_order":0,"comment_status":"closed","ping_status":"closed","template":"","meta":{"footnotes":""},"yoast_head":"<!-- This site is optimized with the Yoast SEO plugin v23.6 - https:\/\/yoast.com\/wordpress\/plugins\/seo\/ -->\n<title>Einkaufswagen - Sulima | Producent chemii dla domu i przemys\u0142u<\/title>\n<meta name=\"robots\" content=\"index, follow, max-snippet:-1, max-image-preview:large, max-video-preview:-1\" \/>\n<link rel=\"canonical\" href=\"https:\/\/de.sulima.eu\/index.php\/einkaufswagen\/\" \/>\n<meta property=\"og:locale\" content=\"de_DE\" \/>\n<meta property=\"og:type\" content=\"article\" \/>\n<meta property=\"og:title\" content=\"Einkaufswagen - Sulima | Producent chemii dla domu i przemys\u0142u\" \/>\n<meta property=\"og:url\" content=\"https:\/\/de.sulima.eu\/index.php\/einkaufswagen\/\" \/>\n<meta property=\"og:site_name\" content=\"Sulima | Producent chemii dla domu i przemys\u0142u\" \/>\n<meta property=\"article:modified_time\" content=\"2023-01-05T17:26:43+00:00\" \/>\n<meta name=\"twitter:card\" content=\"summary_large_image\" \/>\n<script type=\"application\/ld+json\" class=\"yoast-schema-graph\">{\"@context\":\"https:\/\/schema.org\",\"@graph\":[{\"@type\":\"WebPage\",\"@id\":\"https:\/\/de.sulima.eu\/index.php\/einkaufswagen\/\",\"url\":\"https:\/\/de.sulima.eu\/index.php\/einkaufswagen\/\",\"name\":\"Einkaufswagen - Sulima | Producent chemii dla domu i przemys\u0142u\",\"isPartOf\":{\"@id\":\"https:\/\/de.sulima.eu\/#website\"},\"datePublished\":\"2021-01-07T12:10:29+00:00\",\"dateModified\":\"2023-01-05T17:26:43+00:00\",\"breadcrumb\":{\"@id\":\"https:\/\/de.sulima.eu\/index.php\/einkaufswagen\/#breadcrumb\"},\"inLanguage\":\"de\",\"potentialAction\":[{\"@type\":\"ReadAction\",\"target\":[\"https:\/\/de.sulima.eu\/index.php\/einkaufswagen\/\"]}]},{\"@type\":\"BreadcrumbList\",\"@id\":\"https:\/\/de.sulima.eu\/index.php\/einkaufswagen\/#breadcrumb\",\"itemListElement\":[{\"@type\":\"ListItem\",\"position\":1,\"name\":\"Strona g\u0142\u00f3wna\",\"item\":\"https:\/\/sulima.pl\/\"},{\"@type\":\"ListItem\",\"position\":2,\"name\":\"Einkaufswagen\"}]},{\"@type\":\"WebSite\",\"@id\":\"https:\/\/de.sulima.eu\/#website\",\"url\":\"https:\/\/de.sulima.eu\/\",\"name\":\"Sulima | Producent chemii dla domu i przemys\u0142u\",\"description\":\"pasty \u017cele do mycia r\u0105k p\u0142yny koncentraty myj\u0105ce \u015brodki chemiczne\",\"potentialAction\":[{\"@type\":\"SearchAction\",\"target\":{\"@type\":\"EntryPoint\",\"urlTemplate\":\"https:\/\/de.sulima.eu\/?s={search_term_string}\"},\"query-input\":{\"@type\":\"PropertyValueSpecification\",\"valueRequired\":true,\"valueName\":\"search_term_string\"}}],\"inLanguage\":\"de\"}]}<\/script>\n<!-- \/ Yoast SEO plugin. -->","yoast_head_json":{"title":"Einkaufswagen - Sulima | Producent chemii dla domu i przemys\u0142u","robots":{"index":"index","follow":"follow","max-snippet":"max-snippet:-1","max-image-preview":"max-image-preview:large","max-video-preview":"max-video-preview:-1"},"canonical":"https:\/\/de.sulima.eu\/index.php\/einkaufswagen\/","og_locale":"de_DE","og_type":"article","og_title":"Einkaufswagen - Sulima | Producent chemii dla domu i przemys\u0142u","og_url":"https:\/\/de.sulima.eu\/index.php\/einkaufswagen\/","og_site_name":"Sulima | Producent chemii dla domu i przemys\u0142u","article_modified_time":"2023-01-05T17:26:43+00:00","twitter_card":"summary_large_image","schema":{"@context":"https:\/\/schema.org","@graph":[{"@type":"WebPage","@id":"https:\/\/de.sulima.eu\/index.php\/einkaufswagen\/","url":"https:\/\/de.sulima.eu\/index.php\/einkaufswagen\/","name":"Einkaufswagen - Sulima | Producent chemii dla domu i przemys\u0142u","isPartOf":{"@id":"https:\/\/de.sulima.eu\/#website"},"datePublished":"2021-01-07T12:10:29+00:00","dateModified":"2023-01-05T17:26:43+00:00","breadcrumb":{"@id":"https:\/\/de.sulima.eu\/index.php\/einkaufswagen\/#breadcrumb"},"inLanguage":"de","potentialAction":[{"@type":"ReadAction","target":["https:\/\/de.sulima.eu\/index.php\/einkaufswagen\/"]}]},{"@type":"BreadcrumbList","@id":"https:\/\/de.sulima.eu\/index.php\/einkaufswagen\/#breadcrumb","itemListElement":[{"@type":"ListItem","position":1,"name":"Strona g\u0142\u00f3wna","item":"https:\/\/sulima.pl\/"},{"@type":"ListItem","position":2,"name":"Einkaufswagen"}]},{"@type":"WebSite","@id":"https:\/\/de.sulima.eu\/#website","url":"https:\/\/de.sulima.eu\/","name":"Sulima | Producent chemii dla domu i przemys\u0142u","description":"pasty \u017cele do mycia r\u0105k p\u0142yny koncentraty myj\u0105ce \u015brodki chemiczne","potentialAction":[{"@type":"SearchAction","target":{"@type":"EntryPoint","urlTemplate":"https:\/\/de.sulima.eu\/?s={search_term_string}"},"query-input":{"@type":"PropertyValueSpecification","valueRequired":true,"valueName":"search_term_string"}}],"inLanguage":"de"}]}},"_links":{"self":[{"href":"https:\/\/de.sulima.eu\/index.php\/wp-json\/wp\/v2\/pages\/7784"}],"collection":[{"href":"https:\/\/de.sulima.eu\/index.php\/wp-json\/wp\/v2\/pages"}],"about":[{"href":"https:\/\/de.sulima.eu\/index.php\/wp-json\/wp\/v2\/types\/page"}],"author":[{"embeddable":true,"href":"https:\/\/de.sulima.eu\/index.php\/wp-json\/wp\/v2\/users\/57"}],"replies":[{"embeddable":true,"href":"https:\/\/de.sulima.eu\/index.php\/wp-json\/wp\/v2\/comments?post=7784"}],"version-history":[{"count":0,"href":"https:\/\/de.sulima.eu\/index.php\/wp-json\/wp\/v2\/pages\/7784\/revisions"}],"wp:attachment":[{"href":"https:\/\/de.sulima.eu\/index.php\/wp-json\/wp\/v2\/media?parent=7784"}],"curies":[{"name":"wp","href":"https:\/\/api.w.org\/{rel}","templated":true}]}}